{"id":8,"date":"2013-10-05T21:04:47","date_gmt":"2013-10-05T19:04:47","guid":{"rendered":"http:\/\/inventons.be\/WordPress3\/?page_id=8"},"modified":"2021-04-22T14:50:46","modified_gmt":"2021-04-22T12:50:46","slug":"stages","status":"publish","type":"page","link":"http:\/\/inventons.be\/WordPress3\/stages\/","title":{"rendered":"Ateliers d\u00e9couvertes"},"content":{"rendered":"<address><strong>\u00a0Les ateliers d\u00e9couvertes se composent de quatre \u00e0 cinq s\u00e9ances d&rsquo;une heure dans lesquelles six enfants maximum sont pr\u00e9sents. Soutenus par les deux adultes, ils peuvent exprimer librement qui ils sont. Le groupe se retrouvant chaque semaine, les enfants \u00e9voluent et interagissent ensemble.<\/strong><\/address>\n<address>\u00a0<\/address>\n<address><strong>Gr\u00e2ce \u00e0 une entrevue pr\u00e9alable avec les parents (ou le responsable de l\u2019enfant), les professionnels cr\u00e9eront un programme sur mesure afin de rencontrer les objectifs fix\u00e9s pr\u00e9alablement pour chaque enfant.<\/strong><\/address>\n<address>\u00a0<\/address>\n<address><strong>Les quatre \u00e0 cinq ateliers propos\u00e9s contiendront un m\u00e9lange de diff\u00e9rentes techniques:\u00a0\u00a0art-th\u00e9rapie, pleine conscience, brain gym, expression corporelle, th\u00e9rapie par le jeu et la cr\u00e9ativit\u00e9, th\u00e9\u00e2tre, musicoth\u00e9rapie, danse-th\u00e9rapie,\u00a0dessin, jeux coop\u00e9ratifs,\u2026<\/strong><\/address>\n<address>\u00a0<\/address>\n<address><strong>A la fin\u00a0des quatre ou cinq ateliers, un entretien de cl\u00f4ture est \u00e0 d\u00e9finir avec chaque parent afin de lui faire part de nos observations concernant son enfant et de le r\u00e9orienter au mieux.<\/strong><\/address>\n<p><strong><i>Comment proc\u00e9der\u00a0: <\/i><\/strong><\/p>\n<ol>\n<li><strong>Inscription\u00a0: <a title=\"Inscription\" href=\"http:\/\/inventons.be\/WordPress3\/inscription\/\">cliquez sur ce lien<\/a>.<\/strong><\/li>\n<li><strong>L\u2019ASBL prend contact avec vous pour une rencontre pr\u00e9alable.<\/strong><\/li>\n<li><strong>Entrevue : avec le(s) parent(s) ou responsable et l\u2019enfant avant le premier jour\u00a0d&rsquo;atelier (60\u20ac).<br \/>\n<\/strong><\/li>\n<li><strong>Horaire\u00a0: A d\u00e9finir avec les intervenants.<\/strong><\/li>\n<li><strong>Lieu : Rue de Thisnes 24, 4280 Hannut.<\/strong><\/li>\n<li><strong>Entrevue de cl\u00f4ture \u00e0 la demande (60\u20ac).<br \/>\n<\/strong><\/li>\n<li><strong>Et apr\u00e8s\u00a0: possibilit\u00e9 de b\u00e9n\u00e9ficier des <a href=\"http:\/\/inventons.be\/WordPress3\/ateliers\/\">ateliers\u00a0th\u00e9rapeutiques<\/a>, et\/ou du<a title=\"Suivi psychologique\" href=\"http:\/\/inventons.be\/WordPress3\/suivi-psychologique\/\"> suivi psychologique<\/a>.<\/strong><\/li>\n<li><strong>Prix\u00a0: 140\u20ac pour quatre ateliers et 175\u20ac pour 5 ateliers (ce prix comprend quatre \u00e0\u00a0 cinq ateliers d\u2019une heure, un\u00a0encadrement de minimum 2 adultes, le mat\u00e9riel et les locaux, les\u00a0assurances n\u00e9cessaires).<\/strong><\/li>\n<\/ol>\n<p><strong>\u00a0Vous pouvez b\u00e9n\u00e9ficier du remboursement octroy\u00e9 par votre mutuelle dans le cadre d\u2019une consultation psychologique.\u00a0<\/strong><\/p>\n<p><strong>Vous pouvez b\u00e9n\u00e9ficier d&rsquo;une r\u00e9duction d&rsquo;imp\u00f4ts pour frais de garde d&rsquo;enfant. Le formulaire est disponible sur simple demande.<\/strong><br \/>\n<strong> <span style=\"color: #ff0000;\"><br \/>\n<\/span><\/strong><\/p>\n<p style=\"text-align: right;\"><a href=\"http:\/\/inventons.be\/WordPress3\/wp-content\/uploads\/2013\/10\/logo-miniature-inventons.jpg\"><img decoding=\"async\" loading=\"lazy\" class=\"alignnone size-full wp-image-116\" src=\"http:\/\/inventons.be\/WordPress3\/wp-content\/uploads\/2013\/10\/logo-miniature-inventons.jpg\" alt=\"logo miniature inventons\" width=\"109\" height=\"132\" \/><\/a><\/p>\n","protected":false},"excerpt":{"rendered":"<p>\u00a0Les ateliers d\u00e9couvertes se composent de quatre \u00e0 cinq s\u00e9ances d&rsquo;une heure dans lesquelles six enfants maximum sont pr\u00e9sents. Soutenus&#8230; <a href=\"http:\/\/inventons.be\/WordPress3\/stages\/\">read more<\/a><\/p>\n","protected":false},"author":1,"featured_media":0,"parent":0,"menu_order":0,"comment_status":"closed","ping_status":"closed","template":"","meta":[],"_links":{"self":[{"href":"http:\/\/inventons.be\/WordPress3\/wp-json\/wp\/v2\/pages\/8"}],"collection":[{"href":"http:\/\/inventons.be\/WordPress3\/wp-json\/wp\/v2\/pages"}],"about":[{"href":"http:\/\/inventons.be\/WordPress3\/wp-json\/wp\/v2\/types\/page"}],"author":[{"embeddable":true,"href":"http:\/\/inventons.be\/WordPress3\/wp-json\/wp\/v2\/users\/1"}],"replies":[{"embeddable":true,"href":"http:\/\/inventons.be\/WordPress3\/wp-json\/wp\/v2\/comments?post=8"}],"version-history":[{"count":38,"href":"http:\/\/inventons.be\/WordPress3\/wp-json\/wp\/v2\/pages\/8\/revisions"}],"predecessor-version":[{"id":566,"href":"http:\/\/inventons.be\/WordPress3\/wp-json\/wp\/v2\/pages\/8\/revisions\/566"}],"wp:attachment":[{"href":"http:\/\/inventons.be\/WordPress3\/wp-json\/wp\/v2\/media?parent=8"}],"curies":[{"name":"wp","href":"https:\/\/api.w.org\/{rel}","templated":true}]}}