{"id":29,"date":"2013-10-05T21:36:29","date_gmt":"2013-10-05T19:36:29","guid":{"rendered":"http:\/\/inventons.be\/WordPress3\/?page_id=29"},"modified":"2024-05-14T15:32:57","modified_gmt":"2024-05-14T13:32:57","slug":"accueil","status":"publish","type":"page","link":"http:\/\/inventons.be\/WordPress3\/","title":{"rendered":"Accueil"},"content":{"rendered":"\n<div style=\"height:43px\" aria-hidden=\"true\" class=\"wp-block-spacer\"><\/div>\n\n\n<h3 style=\"text-align: center;\"><strong>Bienvenue sur le site internet de l&rsquo;ASBL Inventons.<\/strong><\/h3>\n<p>\u00a0<\/p>\n<p><strong>Depuis sa cr\u00e9ation en 2013, l&rsquo;ASBL organise une multitude d&rsquo;activit\u00e9s \u00e0 destination des enfants et des adolescents de la r\u00e9gion hannutoise.<\/strong><\/p>\n<p>\u00a0<\/p>\n<p><strong>Implant\u00e9e dans le village de Moxhe, elle propose des stages pendant les diff\u00e9rentes p\u00e9riodes de vacances scolaires. Des petits groupes pour des stages ou tous les enfants (quel que soit leurs difficult\u00e9s) sont les bienvenues. Encadr\u00e9s par une \u00e9quipe de psychologue, logop\u00e8de et institutrice primaire, les stages permettent aux enfants de d\u00e9couvrir de nouvelles activit\u00e9s.<\/strong><\/p>\n<p>\u00a0<\/p>\n\n<div class=\"wp-block-image\">\n<figure class=\"aligncenter is-resized\"><img decoding=\"async\" loading=\"lazy\" src=\"http:\/\/inventons.be\/WordPress3\/wp-content\/uploads\/2023\/05\/Color-logo-with-background-1024x1024.png\" alt=\"\" class=\"wp-image-650\" width=\"234\" height=\"234\" srcset=\"http:\/\/inventons.be\/WordPress3\/wp-content\/uploads\/2023\/05\/Color-logo-with-background-1024x1024.png 1024w, http:\/\/inventons.be\/WordPress3\/wp-content\/uploads\/2023\/05\/Color-logo-with-background-150x150.png 150w, http:\/\/inventons.be\/WordPress3\/wp-content\/uploads\/2023\/05\/Color-logo-with-background-300x300.png 300w, http:\/\/inventons.be\/WordPress3\/wp-content\/uploads\/2023\/05\/Color-logo-with-background-768x768.png 768w\" sizes=\"(max-width: 234px) 100vw, 234px\" \/><\/figure><\/div>","protected":false},"excerpt":{"rendered":"<p>Bienvenue sur le site internet de l&rsquo;ASBL Inventons. \u00a0 Depuis sa cr\u00e9ation en 2013, l&rsquo;ASBL organise une multitude d&rsquo;activit\u00e9s \u00e0&#8230; <a href=\"http:\/\/inventons.be\/WordPress3\/\">read more<\/a><\/p>\n","protected":false},"author":1,"featured_media":0,"parent":0,"menu_order":0,"comment_status":"closed","ping_status":"closed","template":"","meta":[],"_links":{"self":[{"href":"http:\/\/inventons.be\/WordPress3\/wp-json\/wp\/v2\/pages\/29"}],"collection":[{"href":"http:\/\/inventons.be\/WordPress3\/wp-json\/wp\/v2\/pages"}],"about":[{"href":"http:\/\/inventons.be\/WordPress3\/wp-json\/wp\/v2\/types\/page"}],"author":[{"embeddable":true,"href":"http:\/\/inventons.be\/WordPress3\/wp-json\/wp\/v2\/users\/1"}],"replies":[{"embeddable":true,"href":"http:\/\/inventons.be\/WordPress3\/wp-json\/wp\/v2\/comments?post=29"}],"version-history":[{"count":85,"href":"http:\/\/inventons.be\/WordPress3\/wp-json\/wp\/v2\/pages\/29\/revisions"}],"predecessor-version":[{"id":732,"href":"http:\/\/inventons.be\/WordPress3\/wp-json\/wp\/v2\/pages\/29\/revisions\/732"}],"wp:attachment":[{"href":"http:\/\/inventons.be\/WordPress3\/wp-json\/wp\/v2\/media?parent=29"}],"curies":[{"name":"wp","href":"https:\/\/api.w.org\/{rel}","templated":true}]}}