{"id":14,"date":"2013-10-05T21:06:14","date_gmt":"2013-10-05T19:06:14","guid":{"rendered":"http:\/\/inventons.be\/WordPress3\/?page_id=14"},"modified":"2023-05-24T21:13:56","modified_gmt":"2023-05-24T19:13:56","slug":"contact","status":"publish","type":"page","link":"http:\/\/inventons.be\/WordPress3\/contact\/","title":{"rendered":"Projet"},"content":{"rendered":"<p><strong>Le projet de l\u2019ASBL Inventons est de permettre \u00e0 l\u2019enfant\u00a0 d&rsquo;atteindre un\u00a0meilleur bien \u00eatre et d&rsquo;exprimer ses probl\u00e8mes \u00e0 travers des activit\u00e9s ludiques. Ces activit\u00e9s sont mises en place pour\u00a0 permettre l\u2019expression de soi, de ses \u00e9motions, de son v\u00e9cu, de ses difficult\u00e9s et d\u2019ainsi am\u00e9liorer sa situation personnelle.<\/strong><\/p>\n<p><strong>Pour cela, l&rsquo;ASBL s&rsquo;appuie sur les formations suivies par son \u00e9quipe de psychologues et de th\u00e9rapeutes pour proposer diff\u00e9rentes activit\u00e9s th\u00e9rapeutiques :<\/strong><\/p>\n<p><strong>&#8211; la th\u00e9rapie par le jeu et la cr\u00e9ativit\u00e9<\/strong><\/p>\n<p><strong>&#8211; l&rsquo;art-th\u00e9rapie<\/strong><\/p>\n<p><strong>&#8211; la pleine conscience<\/strong><\/p>\n<p><strong>&#8211; Le travail sur les \u00e9motions<\/strong><\/p>\n<p><strong>&#8211; l&rsquo;expression corporelle<\/strong><\/p>\n<p><strong>&#8211; Les jeux coop\u00e9ratifs<\/strong><\/p>\n<p><strong>&#8211; la musicoth\u00e9rapie<\/strong><\/p>\n<p><strong>&#8211; la danse-th\u00e9rapie<\/strong><\/p>\n<p><strong>&#8211; La brain gym<\/strong><\/p>\n<p><strong>&#8211; etc<\/strong><\/p>\n<p><strong>\u00a0<\/strong><\/p>\n<p><strong>Pour consulter notre projet p\u00e9dagogique cliquez ici: \u00a0<a href=\"http:\/\/inventons.be\/WordPress3\/wp-content\/uploads\/2013\/10\/projet-pedagogique-Inventons.pdf\">projet pedagogique Inventons<\/a><\/strong><\/p>\n<p><strong>Pour consulter la charte de l&rsquo;ASBL Inventons, cliquez ici:<a href=\"http:\/\/inventons.be\/WordPress3\/wp-content\/uploads\/2013\/10\/Charte-de-l.pdf\">Charte de l<\/a><\/strong><\/p>\n<p><strong>Pour plus d&rsquo;informations sur la th\u00e9rapie par le jeu et la cr\u00e9ativit\u00e9, cliquez ici: <a href=\"http:\/\/inventons.be\/WordPress3\/wp-content\/uploads\/2013\/10\/therapie-jeu-creativite.pdf\">therapie-jeu-creativite<\/a><\/strong><\/p>\n<p><strong>Pour consulter la charte des droits de l&rsquo;enfant en th\u00e9rapie, cliquez ici: <a href=\"http:\/\/inventons.be\/WordPress3\/wp-content\/uploads\/2013\/10\/charte-des-droits-de-lenfant-en-therapie-2.pdf\">charte-des-droits-de-lenfant-en-therapie-2<\/a><\/strong><\/p>\n<p><strong>\u00a0<\/strong><\/p>\n<p><strong>\u00a0<\/strong><\/p>\n<p><strong>L&rsquo;ASBL est d\u00e9clar\u00e9 aupr\u00e8s de l&rsquo;ONE pour l\u2019organisation d&rsquo;activit\u00e9s \u00e0 vis\u00e9e th\u00e9rapeutique aupr\u00e8s d&rsquo;enfants. Pour toute inscription de votre enfant aux activit\u00e9s de groupe de l&rsquo;ASBL, vous pouvez b\u00e9n\u00e9ficier d&rsquo;une r\u00e9duction fiscale de 45% des montants pay\u00e9s pour garde d&rsquo;enfants. Formulaire disponible sur simple demande.<\/strong><\/p>\n<p>\u00a0<\/p>\n\n\n<div class=\"wp-block-image\"><figure class=\"aligncenter is-resized\"><img decoding=\"async\" loading=\"lazy\" src=\"http:\/\/inventons.be\/WordPress3\/wp-content\/uploads\/2023\/05\/Color-logo-with-background-1024x1024.png\" alt=\"\" class=\"wp-image-650\" width=\"205\" height=\"205\" srcset=\"http:\/\/inventons.be\/WordPress3\/wp-content\/uploads\/2023\/05\/Color-logo-with-background-1024x1024.png 1024w, http:\/\/inventons.be\/WordPress3\/wp-content\/uploads\/2023\/05\/Color-logo-with-background-150x150.png 150w, http:\/\/inventons.be\/WordPress3\/wp-content\/uploads\/2023\/05\/Color-logo-with-background-300x300.png 300w, http:\/\/inventons.be\/WordPress3\/wp-content\/uploads\/2023\/05\/Color-logo-with-background-768x768.png 768w\" sizes=\"(max-width: 205px) 100vw, 205px\" \/><\/figure><\/div>\n","protected":false},"excerpt":{"rendered":"<p>Le projet de l\u2019ASBL Inventons est de permettre \u00e0 l\u2019enfant\u00a0 d&rsquo;atteindre un\u00a0meilleur bien \u00eatre et d&rsquo;exprimer ses probl\u00e8mes \u00e0 travers&#8230; <a href=\"http:\/\/inventons.be\/WordPress3\/contact\/\">read more<\/a><\/p>\n","protected":false},"author":1,"featured_media":0,"parent":0,"menu_order":0,"comment_status":"closed","ping_status":"closed","template":"","meta":[],"_links":{"self":[{"href":"http:\/\/inventons.be\/WordPress3\/wp-json\/wp\/v2\/pages\/14"}],"collection":[{"href":"http:\/\/inventons.be\/WordPress3\/wp-json\/wp\/v2\/pages"}],"about":[{"href":"http:\/\/inventons.be\/WordPress3\/wp-json\/wp\/v2\/types\/page"}],"author":[{"embeddable":true,"href":"http:\/\/inventons.be\/WordPress3\/wp-json\/wp\/v2\/users\/1"}],"replies":[{"embeddable":true,"href":"http:\/\/inventons.be\/WordPress3\/wp-json\/wp\/v2\/comments?post=14"}],"version-history":[{"count":23,"href":"http:\/\/inventons.be\/WordPress3\/wp-json\/wp\/v2\/pages\/14\/revisions"}],"predecessor-version":[{"id":659,"href":"http:\/\/inventons.be\/WordPress3\/wp-json\/wp\/v2\/pages\/14\/revisions\/659"}],"wp:attachment":[{"href":"http:\/\/inventons.be\/WordPress3\/wp-json\/wp\/v2\/media?parent=14"}],"curies":[{"name":"wp","href":"https:\/\/api.w.org\/{rel}","templated":true}]}}