{"id":12,"date":"2013-10-05T21:05:52","date_gmt":"2013-10-05T19:05:52","guid":{"rendered":"http:\/\/inventons.be\/WordPress3\/?page_id=12"},"modified":"2024-05-14T15:34:24","modified_gmt":"2024-05-14T13:34:24","slug":"calendrier","status":"publish","type":"page","link":"http:\/\/inventons.be\/WordPress3\/calendrier\/","title":{"rendered":"Contact"},"content":{"rendered":"<p><strong>Pour prendre contact avec l&rsquo;ASBL Inventons, vous pouvez\u00a0nous envoyer un courriel \u00e0 l&rsquo;adresse suivante:\u00a0info@inventons.be<\/strong><\/p>\n<p><strong>Vous pouvez \u00e9galement nous joindre par t\u00e9l\u00e9phone au num\u00e9ro suivant: 0498\/63.99.68.<\/strong><\/p>\n<p><strong>Attention, il se peut que l&rsquo;ASBL reprenne contact avec vous par courriel. N&rsquo;oubliez donc pas de jeter un coup d\u2019\u0153il\u00a0dans votre courrier ind\u00e9sirable.<\/strong><\/p>\n<p><strong>ASBL Inventons<\/strong><\/p>\n<p><strong>Rue del Gotch 22A<\/strong><\/p>\n<p><strong>4280 Moxhe<\/strong><\/p>\n<p><strong>0498\/63.99.68<\/strong><\/p>\n<p><strong>IBAN: BE63 0689 4379 8408<\/strong><\/p>\n<p align=\"CENTER\"><span style=\"color: #000000;\"><span style=\"font-family: Tahoma,sans-serif;\">\u00a0<\/span><\/span><\/p>\n<p style=\"text-align: right;\">\u00a0<\/p>\n\n<div class=\"wp-block-image\">\n<figure class=\"aligncenter is-resized\"><img decoding=\"async\" loading=\"lazy\" src=\"http:\/\/inventons.be\/WordPress3\/wp-content\/uploads\/2023\/05\/Color-logo-with-background-1024x1024.png\" alt=\"\" class=\"wp-image-650\" width=\"234\" height=\"234\" srcset=\"http:\/\/inventons.be\/WordPress3\/wp-content\/uploads\/2023\/05\/Color-logo-with-background-1024x1024.png 1024w, http:\/\/inventons.be\/WordPress3\/wp-content\/uploads\/2023\/05\/Color-logo-with-background-150x150.png 150w, http:\/\/inventons.be\/WordPress3\/wp-content\/uploads\/2023\/05\/Color-logo-with-background-300x300.png 300w, http:\/\/inventons.be\/WordPress3\/wp-content\/uploads\/2023\/05\/Color-logo-with-background-768x768.png 768w\" sizes=\"(max-width: 234px) 100vw, 234px\" \/><\/figure><\/div>","protected":false},"excerpt":{"rendered":"<p>Pour prendre contact avec l&rsquo;ASBL Inventons, vous pouvez\u00a0nous envoyer un courriel \u00e0 l&rsquo;adresse suivante:\u00a0info@inventons.be Vous pouvez \u00e9galement nous joindre par&#8230; <a href=\"http:\/\/inventons.be\/WordPress3\/calendrier\/\">read more<\/a><\/p>\n","protected":false},"author":1,"featured_media":0,"parent":0,"menu_order":0,"comment_status":"closed","ping_status":"closed","template":"","meta":[],"_links":{"self":[{"href":"http:\/\/inventons.be\/WordPress3\/wp-json\/wp\/v2\/pages\/12"}],"collection":[{"href":"http:\/\/inventons.be\/WordPress3\/wp-json\/wp\/v2\/pages"}],"about":[{"href":"http:\/\/inventons.be\/WordPress3\/wp-json\/wp\/v2\/types\/page"}],"author":[{"embeddable":true,"href":"http:\/\/inventons.be\/WordPress3\/wp-json\/wp\/v2\/users\/1"}],"replies":[{"embeddable":true,"href":"http:\/\/inventons.be\/WordPress3\/wp-json\/wp\/v2\/comments?post=12"}],"version-history":[{"count":29,"href":"http:\/\/inventons.be\/WordPress3\/wp-json\/wp\/v2\/pages\/12\/revisions"}],"predecessor-version":[{"id":733,"href":"http:\/\/inventons.be\/WordPress3\/wp-json\/wp\/v2\/pages\/12\/revisions\/733"}],"wp:attachment":[{"href":"http:\/\/inventons.be\/WordPress3\/wp-json\/wp\/v2\/media?parent=12"}],"curies":[{"name":"wp","href":"https:\/\/api.w.org\/{rel}","templated":true}]}}